{"id":9,"date":"2006-03-19T17:24:23","date_gmt":"2006-03-19T16:24:23","guid":{"rendered":"http:\/\/www.thetawelle.de\/?page_id=9"},"modified":"2026-03-08T13:10:02","modified_gmt":"2026-03-08T12:10:02","slug":"publikationen","status":"publish","type":"page","link":"https:\/\/www.thetawelle.de\/?page_id=9","title":{"rendered":"Publikationen"},"content":{"rendered":"<p><strong>Gesamtverzeichnis<\/strong><\/p>\n<p>Publikationen sind verf\u00fcgbar \u00fcber die Web-Applikation <strong>Uniservity<\/strong> des Lehr- und Forschungsgebiets &#8222;Didaktische Gestaltung multimedialer Lernumgebungen&#8220;. Bitte klicken Sie einfach den nachfolgenden Link&#8230;<\/p>\n<p><center><\/p>\n<p style=\"font-family:Arial;background-color: #f8f8f8;border-top:1px solid #ddd;border-bottom:1px solid #ddd;color: #777;padding-top:5px;padding-bottom:5px;margin:30px 0;list-style-type: none;list-style-image: none;text-align: center;\"><strong><a href=\"http:\/\/www.informatik.uni-trier.de\/~ley\/pers\/hd\/s\/St=auml=dtler:Helge\">Ausgew\u00e4hlte Publikationen downloaden<\/a><\/strong><\/p>\n<p><\/center><\/p>\n<p><small>&#8230;war mal unter http:\/\/134.102.129.189\/cgi-bin\/WebObjects\/Uniservity.woa m\u00f6glich.<\/small><\/p>\n<p><strong>2012<\/strong><\/p>\n<ul>\n<li> Windelband, Lars; Fenzl, Claudia; Hunecker, Felix; Riehle, Tamara; Sp\u00f6ttl, Georg; St\u00e4dtler, Helge; Hribernik, Karl; Thoben, Klaus-Dieter (2012): Qualifikationserfordernisse durch das Internet der Dinge in der Logistik, in: Abicht, Lothar; Sp\u00f6ttl, Georg: Qualifikationsentwicklungen durch das Internet der Dinge: Trends in Logistik, Industrie und Smart House, Bielefeld: W. Bertelsmann Verlag GmbH &#038; Co. KG, 103 &#8211; 192<\/li>\n<\/ul>\n<p><strong>2008<\/strong><\/p>\n<ul>\n<li>Dissertation (inhaltlicher Abschluss erfolgte Anfang Februar; offizielle Abgabe erfolgte am 28.4.2008)<\/li>\n<li>St\u00e4dtler, Helge (Februar 2008): <strong>Interne Pr\u00e4sentation:<\/strong> Vorstellung der Ergebnisse der Dissertation und des Feldexperiments in der <a href=\"http:\/\/www.dimeb.de\">DiMeB<\/a> Arbeitsgruppe<\/li>\n<\/ul>\n<p><strong>2007<\/strong><\/p>\n<ul>\n<li>St\u00e4dtler, Helge (Juni 2007): <strong>Interne Pr\u00e4sentation:<\/strong> Dissertationsfortschritt und umfangreiche Daten des Feldexperiments in der <a href=\"http:\/\/www.dimeb.de\">DiMeB<\/a> Arbeitsgruppe<\/li>\n<li>St\u00e4dtler, Helge (M\u00e4rz 2007): <strong>Interne Pr\u00e4sentation:<\/strong> Dissertationsfortschritt und erste Daten anl\u00e4sslich eines Besuchs einer japanischen Delegation aus Tokio am <a href=\"http:\/\/www.ifib.de\/\">IfIB<\/a><\/li>\n<\/ul>\n<p><strong>2006<\/strong><\/p>\n<ul>\n<li>Egloffstein, Marc \/ St\u00e4dtler, Helge (2006): Didaktisch fokussierte Umsetzung des Wiki-Konzepts in einem virtuellen Seminar zum Selbstorganisierten Lernen. In: Proceedings of Preconfrerence, DeLFI 2006, Germany\n<\/li>\n<li>St\u00e4dtler, Helge \/ Wolf, Karsten D. (2006): Virtuelle Proxemik: Oder wie man Menschen in virtuellen R\u00e4umen einander n\u00e4her bringen k\u00f6nnte., In: Proceedings of the Lecture Notes in Informatics (LNI), DeLFI 2006, Germany\n<\/li>\n<li>Wolf, Karsten D. \/ St\u00e4dtler, Helge (2006): Rapid authoring in curricular learning communities \u2013 usability design, usage and learning outcomes. In: Proceedings of Workshop on Human Centered Technology HCT 2006. Tampere, Finland\n<\/li>\n<li>St\u00e4dtler, Helge (Juni 2006): <strong>Interne Pr\u00e4sentation:<\/strong> Dissertationsfortschritt und Planung des Feldexperiments in der <a href=\"http:\/\/www.dimeb.de\">DiMeB<\/a> Arbeitsgruppe<\/li>\n<li>St\u00e4dtler, Helge (2006): Ideen zum Begriff \u201eLernobjekt\u201c \u2013 eine Betrachtung aus der Perspektive des Software Engineering. Unver\u00f6ffentlichtes Paper, Ver\u00f6ffentlicht als &#8222;graue Literatur&#8220; \u00fcber das WebLog &#8222;Thetawelle&#8220;, Bremen, Deutschland (<a href=\"\/wp-upload\/LearningObject_v9.pdf\">Download PDF<\/a>)\n<\/li>\n<\/ul>\n<p><strong>2005<\/strong><\/p>\n<ul>\n<li>St\u00e4dtler, Helge (Oktober 2005): <strong>Interne Pr\u00e4sentation:<\/strong> Vorstellung Dissertationsthema und Forschungsfrage am <a href=\"http:\/\/www.ifeb.uni-bremen.de\">IfEB<\/a><\/li>\n<li>Wolf, Karsten D. \/ Seifried, J\u00fcrgen \/ St\u00e4dtler, Helge (2005): Virtuelles Seminar zur Fachdidaktik des Rechnungswesenunterrichts: Implementation und erste Erfahrungen. In: Rechnungswesenunterricht am Scheideweg: Lehren, Lernen und Pr\u00fcfen. Wiesbaden, Deutscher Universit\u00e4tsverlag, S. 143-162.\n<\/li>\n<li>St\u00e4dtler, Helge (2005): E-Learning &#8211; Hoffnungstr\u00e4ger f\u00fcr Wirtschaftswachstum. In: uni.vers 7 &#8211; Technik, Technologie und ihre Folgen, S. 30-33.\n<\/li>\n<\/ul>\n<div style=\"display:none;\">\n<strong>\u00c4ltere Vortr\u00e4ge und Dokumente (vor 2005)<\/strong><\/p>\n<p>Hinweis: F\u00fcr das Anschauen der Vortragsfilme wird <a class=\"intern\" title=\"Bitte geben Sie hier eine Beschreibung des Linkziels ein\" href=\"http:\/\/www.apple.com\/quicktime\/download\/\">QuickTime<\/a> ben\u00f6tigt!<\/p>\n<ul>\n<li>\n<strong>Virtuelles Seminar zur Fachdidaktik des Rechnungswesens &#8211; Implementation und Erste Erfahrungen<\/strong><br \/>\nInternationales Symposium zu Lehr-Lern-Prozessen im Rechnungswesen, Bamberg<br \/>\n<em>Pr\u00e4sentation:<\/em>&nbsp;<a class=\"intern\" title=\"Film der Praesentation\" href=\"\/SymReWePilotFinale01.mov\"> <\/a><a class=\"intern\" title=\"Bitte geben Sie hier eine Beschreibung des Linkziels ein\" href=\"\/SymReWePilotFinale01.mov\">Film ansehen<br \/><\/a><\/li>\n<li><strong>Erfolgsfaktoren der Realisierung netzbasierter Lehre in der F\u00e4chergruppe Lehrerbildung\/vhb<\/strong><br \/>\nBayern Online International, M\u00fcnchen<br \/>\n<em>Pr\u00e4sentation:<\/em>&nbsp; <a class=\"intern\" title=\"Film der Praesentation.\" href=\"\/BayernOnline6.mov\">Film ansehen<br \/><\/a><\/li>\n<li><strong>Entwicklung von WebApplikationen mit dem CASE-Tool WebObjects &#8211; M\u00f6glichkeiten und Ergebnisse am Beispiel des LCMS EverLearn<\/strong><br \/>\nMac to the future-Day, ETH Z\u00fcrich<br \/>\n<em>Pr\u00e4sentation:<\/em>&nbsp; <a class=\"intern\" title=\"Bitte geben Sie hier eine Beschreibung des Linkziels ein\" href=\"http:\/\/wipaed.sowi.uni-bamberg.de\/\/movies\/zuerichMacDay2004.mov\">Film ansehen<\/a>, Pr\u00e4sentation <a href=\"http:\/\/www.id.ethz.ch\/events\/idforum\/archiv\/03122004\/SoftwareEntwicklung_in_der_MacUmgebung.pdf\">als PDF downloaden<\/a><\/p>\n<\/li>\n<\/ul>\n<p><strong>Noch \u00e4ltere Arbeiten (vor 2002 also <u>sehr<\/u> alt)<\/strong><\/p>\n<ul>\n<li><strong>Diplomarbeit 2001<\/strong>, &#8222;<a href=\"\/wp-upload\/diplomarbeit\/index.html\">Fachliche Konzeption einer Plattform f\u00fcr web-basierte Lernwelten<\/a>&#8222;, als PDF <a href=\"\/wp-upload\/diplomarbeit\/diplom.pdf\"><strong>downloaden<\/strong><\/a><\/li>\n<li><strong>Software Engineering Dokumentation 2000<\/strong>. &#8222;<a href=\"http:\/\/www.members.aol.com\/hstaedtl\/\">Die Dokumentation zum Fallstudienseminar zum Software Engineering im WS 1999\/2000 an der Universit\u00e4t G\u00f6ttingen.<\/a>&#8222;<\/li>\n<li><strong>Jugend Forscht Arbeit 1995<\/strong>, &#8222;<a href=\"http:\/\/www.ifeb.uni-bremen.de\/wetcon\/WETCON_Site\/\">WETCON &#8211; Wetter Control, ein automatisches Wetterbeobachtungs- und Informationssystem<\/a>&#8222;, als PDF <a href=\"http:\/\/www.ifeb.uni-bremen.de\/wetcon\/WETCON_Site\/wetcon.pdf\"><strong>downloaden<\/strong><\/a><\/li>\n<\/ul>\n<p><strong>Software Engineering &#038; Technologie (Pr\u00e4sentationen aus 2004 und 2005)<\/strong><\/p>\n<p>Zwei Pr\u00e4sentationen \u00fcber Softwareentwicklungen, die ich auf dem WocoaPowWow in 2004 und 2005 vorgestellt habe. Es geht um WebApplikationen, die mit dem <strong>J2EE Computer Aided Software Engineering (CASE)-Tool WebObjects<\/strong> entwickelt wurden. <a href=\"http:\/\/www.ifeb.uni-bremen.de\/WhatIsWO.mov\">Was ist WebObjects?<\/a> (Kurzer Film!)<br \/>\n<img loading=\"lazy\" decoding=\"async\" src=\"\/wp-upload\/wocoalogo.png\" class=\"alignright\" width=\"120\" height=\"205\" \/><\/p>\n<ul>\n<li><strong>EverLearn<\/strong> &#8211; Vorstellung der mit <a href=\"http:\/\/www.apple.com\/webobjects\/\">WebObjects<\/a> realisierten E-Learning L\u00f6sung der Virtuellen Hochschule Bayern (siehe auch <a href=\"http:\/\/www.everlearn.info\">www.everlearn.info<\/a>)<br \/>\n<a href=\"http:\/\/www.objectfarm.org\/Activities\/Events\/2004-Q1\/WocoaPowWow.html\">Wocoa PowWow #8<\/a>, Hamburg\/cluster9<br \/>\n<em>Pr\u00e4sentation:<\/em>&nbsp; <a class=\"intern\" title=\"Film der Praesentation.\" href=\"\/WocoaPowWow_EverLearn.mov\">Film ansehen<br \/><\/a><\/li>\n<li><strong>MissionControl<\/strong> &#8211; Vorstellung einer mit <a href=\"http:\/\/www.apple.com\/webobjects\/\">WebObjects<\/a> realisierten L\u00f6sung zur automatischen Server\u00fcberwachung<br \/>\n<a href=\"http:\/\/www.objectfarm.org\/Activities\/Events\/2005-Q1\/WocoaPowWow.html\">Wocoa PowWow #10<\/a>, Stierh\u00f6fstetten\/Mulihof<br \/>\n<em>Pr\u00e4sentation:<\/em>&nbsp; <a class=\"intern\" title=\"Film der Praesentation.\" href=\"\/WocoaPowWow_MissionControl.mov\">Film ansehen<br \/><\/a><\/li>\n<\/ul>\n<\/div>\n<h2>Forschungslogischer Prozess<\/h2>\n<p>Nur der Vollst\u00e4ndigkeit halber m\u00f6chte ich hier eine kleine Grafik verankern.<\/p>\n<p><a href=\"https:\/\/www.thetawelle.de\/wp-upload\/forschungslogischer_prozess.png\"><img loading=\"lazy\" decoding=\"async\" src=\"https:\/\/www.thetawelle.de\/wp-upload\/forschungslogischer_prozess.png\" alt=\"\" width=\"560\" height=\"749\" class=\"aligncenter size-full wp-image-6682\" srcset=\"https:\/\/www.thetawelle.de\/wp-upload\/forschungslogischer_prozess.png 560w, https:\/\/www.thetawelle.de\/wp-upload\/forschungslogischer_prozess-224x300.png 224w\" sizes=\"auto, (max-width: 560px) 85vw, 560px\" \/><\/a><\/p>\n","protected":false},"excerpt":{"rendered":"<p>Gesamtverzeichnis Publikationen sind verf\u00fcgbar \u00fcber die Web-Applikation Uniservity des Lehr- und Forschungsgebiets &#8222;Didaktische Gestaltung multimedialer Lernumgebungen&#8220;. Bitte klicken Sie einfach den nachfolgenden Link&#8230; Ausgew\u00e4hlte Publikationen downloaden &#8230;war mal unter http:\/\/134.102.129.189\/cgi-bin\/WebObjects\/Uniservity.woa m\u00f6glich. 2012 Windelband, Lars; Fenzl, Claudia; Hunecker, Felix; Riehle, Tamara; Sp\u00f6ttl, Georg; St\u00e4dtler, Helge; Hribernik, Karl; Thoben, Klaus-Dieter (2012): Qualifikationserfordernisse durch das Internet der Dinge &hellip; <a href=\"https:\/\/www.thetawelle.de\/?page_id=9\" class=\"more-link\"><span class=\"screen-reader-text\">\u201ePublikationen\u201c <\/span>weiterlesen<\/a><\/p>\n","protected":false},"author":1,"featured_media":0,"parent":0,"menu_order":8,"comment_status":"open","ping_status":"open","template":"","meta":{"footnotes":""},"class_list":["post-9","page","type-page","status-publish","hentry"],"_links":{"self":[{"href":"https:\/\/www.thetawelle.de\/index.php?rest_route=\/wp\/v2\/pages\/9","targetHints":{"allow":["GET"]}}],"collection":[{"href":"https:\/\/www.thetawelle.de\/index.php?rest_route=\/wp\/v2\/pages"}],"about":[{"href":"https:\/\/www.thetawelle.de\/index.php?rest_route=\/wp\/v2\/types\/page"}],"author":[{"embeddable":true,"href":"https:\/\/www.thetawelle.de\/index.php?rest_route=\/wp\/v2\/users\/1"}],"replies":[{"embeddable":true,"href":"https:\/\/www.thetawelle.de\/index.php?rest_route=%2Fwp%2Fv2%2Fcomments&post=9"}],"version-history":[{"count":2,"href":"https:\/\/www.thetawelle.de\/index.php?rest_route=\/wp\/v2\/pages\/9\/revisions"}],"predecessor-version":[{"id":8351,"href":"https:\/\/www.thetawelle.de\/index.php?rest_route=\/wp\/v2\/pages\/9\/revisions\/8351"}],"wp:attachment":[{"href":"https:\/\/www.thetawelle.de\/index.php?rest_route=%2Fwp%2Fv2%2Fmedia&parent=9"}],"curies":[{"name":"wp","href":"https:\/\/api.w.org\/{rel}","templated":true}]}}