{"id":1099,"date":"2009-07-21T11:08:56","date_gmt":"2009-07-21T10:08:56","guid":{"rendered":"http:\/\/www.thetawelle.de\/?page_id=1099"},"modified":"2023-05-24T03:46:40","modified_gmt":"2023-05-24T02:46:40","slug":"impressum","status":"publish","type":"page","link":"https:\/\/www.thetawelle.de\/?page_id=1099","title":{"rendered":"Impressum"},"content":{"rendered":"<p><strong>Impressum f\u00fcr &#8222;thetawelle&#8220;<\/strong><\/p>\n<p>Gem\u00e4\u00df \u00a7 28 BDSG widerspreche ich jeder kommerziellen Verwendung und Weitergabe meiner Daten.<\/p>\n<p><strong>Verantwortungsbereich<\/strong><br \/>\nDas Impressum gilt nur f\u00fcr die Internetpr\u00e4senz unter der Adresse: http:\/\/www.thetawelle.de\/<\/p>\n<p><strong>Abgrenzung<\/strong><br \/>\nDie Web-Pr\u00e4senz ist Teil des WWW und dementsprechend mit fremden, sich jederzeit wandeln k\u00f6nnenden Web-Sites verkn\u00fcpft, die folglich auch nicht diesem Verantwortungsbereich unterliegen und f\u00fcr die nachfolgende Informationen nicht gelten. Dass die Links weder gegen Sitten noch Gesetze versto\u00dfen, wurde genau ein mal gepr\u00fcft: bevor sie hier aufgenommen wurden. Solche Links, die zu fremden Webprojekten f\u00fchren, erkennen Sie daran: Mit einer Farbe unterstrichen sind bei Ansteuerung mit dem Mauszeiger die sich ver\u00e4ndert beim dar\u00fcber bewegen.<\/p>\n<p><strong>Verantwortliche Ansprechperson<\/strong><br \/>\nDr.-Ing. Helge St\u00e4dtler<\/p>\n<p><strong>Anschrift<\/strong><br \/>\nHolbeinstr. 10, 28109 Bremen<\/p>\n<p><strong>elektronische Postadresse<\/strong><br \/>\nhelge @ noxymo . com<\/p>\n<p><strong>Schnelle elektronische und unmittelbare Kommunikation<\/strong><br \/>\nFax: 03212-7769466 (Vanity-Fax-Nummer 03212-proximo)<\/p>\n<p><strong>Zweck dieses Webprojektes<\/strong><br \/>\nForschung und Bildung<\/p>\n<p><strong>Journalistisch-redaktionelle Verantwortung<\/strong><br \/>\nDr.-Ing. Helge St\u00e4dtler<\/p>\n<p><strong>Die meisten Illustrationen unterliegen den Urheberrechten von<\/strong><br \/>\nDr.-Ing. Helge St\u00e4dtler<\/p>\n<p><strong>Datenschutz<\/strong><br \/>\nPersonenbezogene Daten werden nur mit Ihrem Wissen und Ihrer Einwilligung erhoben. Auf Antrag erhalten Sie unentgeltlich Auskunft zu den \u00fcber Sie gespeicherten personenbezogenen Daten. Wenden Sie sich dazu bitte an: Dr.-Ing. Helge St\u00e4dtler (helge @ noxymo . com)<\/p>\n<p><strong>Keine Haftung<\/strong><br \/>\nDie Inhalte dieses Webprojektes wurden sorgf\u00e4ltig gepr\u00fcft und nach bestem Wissen erstellt. Aber f\u00fcr die hier dargebotenen Informationen wird kein Anspruch auf Vollst\u00e4ndigkeit, Aktualit\u00e4t, Qualit\u00e4t und Richtigkeit erhoben. Es kann keine Verantwortung f\u00fcr Sch\u00e4den \u00fcbernommen werden, die durch das Vertrauen auf die Inhalte dieser Website oder deren Gebrauch entstehen.<\/p>\n<p><strong>Schutzrechtsverletzung<\/strong><br \/>\nFalls Sie vermuten, dass von dieser Website aus eines Ihrer Schutzrechte verletzt wird, teilen Sie das bitte umgehend per elektronischer Post mit, damit z\u00fcgig Abhilfe geschafft werden kann. Bitte nehmen Sie zur Kenntnis: Die zeitaufw\u00e4ndigere Einschaltung eines Anwaltes zur f\u00fcr den Diensteanbieter kostenpflichtigen Abmahnung entspricht nicht dessen wirklichen oder mutma\u00dflichen Willen.<\/p>\n<p><strong>LinkedIn Profile<\/strong><br \/>\n<a href=\"https:\/\/de.linkedin.com\/in\/helgestaedtler\">https:\/\/de.linkedin.com\/in\/helgestaedtler<\/a><\/p>\n<p><strong>Verschl\u00fcsselte Kommunikation<\/strong><\/p>\n<p>PGP Public Key: <a href=\"\/wp-upload\/FB80C335.asc\">0xFB80C335.asc<\/a><\/p>\n<div class=\"roundness\" style=\"background-color:lightgray;font-size:12px;\"><code><br \/>\n-----BEGIN PGP PUBLIC KEY BLOCK-----<br \/>\nVersion: GnuPG\/MacGPG2 v2.0.22 (Darwin)<br \/>\nComment: GPGTools - http:\/\/gpgtools.org<\/p>\n<p>mQINBFMTA\/YBEADo4OaGsav9Avyv7pSiT8UBQMF\/Fr4Lno6+PSLG+sbqjMGo5Oe4<br \/>\n1KQSTbz6RuI9h\/A2Y+W0sAFoK4mhxyJWbzO4z4LF60NNLnwqXrkyRGg\/JiUvcDrz<br \/>\neU2mH6\/gPYSnOTYQ5T58qMpLc4yjH1n0VUwiOvh5hmqMcxtzUHrz0vCYOTI6CfFq<br \/>\nYifLGWF\/vw3RA6dwa4hUagqypvt0VG8awIvxenai5LD5vCz\/JDDUyymr9wHLnjb\/<br \/>\nXfwNK+yxfG\/tKOYX20pveKReo9T\/rWssClqP+ngBawcOUFE\/E+9ltKe6N0c3CGYg<br \/>\n8E\/dv5wARdvrzdeymEvGCMQYBLJ0m4\/EV8VaA4HYRNLF4734m4EFmjeJuzyf5rnJ<br \/>\nbXoxvkilFNchu3th4ACiRoClD5cTyRdmHd5tUIgagJEhycVmRGlaqRiAHydDNL09<br \/>\nt\/KQrlouYEBE+Ow7\/wyud8R3dvbche0r34KHkdMaYf2kXQTuGKQQSfvxFz46EkDC<br \/>\nFCvxSTdEYyXA9v8P+3CDZgiRHcsS8fQz6Uijlkj4CKZmGkVEaLAHD\/25GmZOc9W+<br \/>\n8pflq3DoP+tZpsHS2oDqwzwoQ1bl1Iz9Jqr1egtg8XsKrUFQhS0Kv2\/PHnfSqM+3<br \/>\nrsjg4VvsPRww8qLHTCCgOmSmcVxA+081hRznfqp6RvBWECKzDMg06yLOlwARAQAB<br \/>\ntCJIZWxnZSBTdMOkZHRsZXIgPGhlbGdlQG5veHltby5jb20+iQI3BBMBCgAhBQJT<br \/>\nEwP2AhsDBQsJCAcDBRUKCQgLBRYCAwEAAh4BAheAAAoJEKS\/aNn7gMM1hukQAJm\/<br \/>\nf9H09F197Of5sj0nlqZLeERPGsupzY4JyfAOowqzf4DxpyqzuH33nhE1UP7lJEiF<br \/>\nJuyA8AfF1eHvl2WsKd1vGaejzItkNtbT6W2k20QVth4CwxwzpDPq8TTGJUaVN5PK<br \/>\nV8WkZ4iLapb5sVRIaOc9\/tc7dT\/JBCtnkklE2nKJZJqbcOGRbBR6zG1t7J8qlCTz<br \/>\nhkGrupW9mECG3iy5OEyVmKgcv5VkLr+qoRJtTYAH0WRvydrP0+SUwuM\/cT\/IlpxA<br \/>\nr6RzAsr0eMfmPb6K\/GMLvrc1LOtkdqO\/cwsZ+rS1\/Lbf20fCLOFqjtcYIcqLOA0o<br \/>\nGYYp7x+n5SmZRWAwP4V0LOpuTmvGCX5yyz9iVlDSpraRq4etU+VCrUbU4EzRgSYF<br \/>\nFDdGaU5ArvcIFHZYyQ4z7Z2vvi9zZydi2\/g9BUcVCLhK9Hm5uxDf0SRJRoyAMz6z<br \/>\nEcrTwnZuIHhQ0vlaNkDrTLfl8IpCSXfl86IOoK9VJWTuOxqS6vkN3UwChQkbKzZu<br \/>\nDBWr2UpTXLnhK9Hmae7QnhlyFv5dV1Xpn0w45+kYqii2W2ZyP7GbAVEipwG7blyN<br \/>\nzZYzr3AjQNUP45ED15lPABMYhnDUo6bvoFmt5lg1UDj9IjfMWwEU2QiNLbDCgcDm<br \/>\nPprECXx0vOpN8S54IBkffpd2t+PcCzP0FplUN5UwuQINBFMTA\/YBEACfr3pvHq1M<br \/>\nR7cEAEhlhx4Q0MlMs7rzx9saRa4Lq2B4U6qYbQ3sKLp0mnKREEJNDAFRJJyXczLc<br \/>\nsFSL2BbvCN6v7O0wUz7zne7NXuKtcPwtbjxgI3HTRKg41y\/1vJw9wxCDc6BaPU1Y<br \/>\nfkksPGUgcKM0ka6zndD3XUTU5GUmBM+Nd88ZUO3m7gEroTqlv0m1MeSHB9pfCX+n<br \/>\nOBHkXnOpIfKqgdQ\/eSnJHVipeO8pz3eEoaXMhm1C+fu76\/B9gj8hZsYE9959+1Uo<br \/>\n0JmlGJ5mhB\/6+qLGeFp85bgYSeLUAbah+TfQ+DSu4u4X3zi5BBds2fu\/sgu9\/8QJ<br \/>\nuEZlp96QP94nq4LyBOsqPdwWC7TbURonU9lXCljn+eWTo24c\/9yJLTMF+LcYp2va<br \/>\nqxkGLzKjEvFbHLipU3LyAVm\/xzNtFSMGY5PgwLj213gROHTyuRT8iIOZz0f7Qs+X<br \/>\ns2xN85vs\/Uo5dsBpaYpaLx+jVDElfMStFrovTYUk+vBwR+7LOoc1wQmHNkjNCY+M<br \/>\nF4hnOE\/MtoYupFV+fo2HW0\/53YbQ49TSTuV+aeJUGa0\/StqOPehYLrpFUgc6n+wx<br \/>\ncKkF1bj8cTbI+7vLYfy2cqWerowRvxSnpS6SYYOCk4x5BJVP4RqegMh2ORoQPrdm<br \/>\nA+GOpQaYq3lVvlzd13a1FNSIWrtzKSx2MQARAQABiQIfBBgBCgAJBQJTEwP2AhsM<br \/>\nAAoJEKS\/aNn7gMM1FcMP\/1SdUc9emQgdmhf4Lo\/zCzpUAV4hjOPPMj0OfvuszbjE<br \/>\nOxM3k\/qQAg0Mqfq9\/Jgxwxm+BOowBz+w8NLjl1yOx+RPllw7TwZ8MhnvQq+2GOFk<br \/>\nUnuZCJccD8sHarCNA4hoMCI4wODiJw2pxb\/aGNbCyEKkVYEWRqByqmbonIvgnibO<br \/>\nE0AlWEbEn1+viYvwXb9r1UhvkdqyzQkPHiexJerSia+YFjyBc1NIcdoXak1+adlG<br \/>\nPmpQjk0xaz36GD8xEQFkEJRdEk0y7lBc8aH4VyRun2DTBw51qjNez4ei4Ahqp3eW<br \/>\nNOdkOOkTiOAJHpOnwzlEkMuKnxWl4RjgQT+jgO67AqjwJjBe+CR\/J65ISRYbh4kk<br \/>\nT1syLwaZtflnCAc0TQej9EsrciiUJcoVD\/Uy7ehimIJoObvHkylXPwye4ICRdNG2<br \/>\nMb6OVIuAQyh8YBQHU8+7jlg2D6eD+xleAzm5akbacl9Ir8s0DxwIVqlcz\/EN2mR3<br \/>\n66xtghDfJXshamLYHPI94V8NocBWlCd6AMGzGUbXJSYat3g\/RMt7I\/Quy5S+b4SC<br \/>\nYuvD1t2f3IcCt+ML\/Ua9rDxUTS4T9G4kdh2\/yiQl\/zBcwcP4FCo9fkEqITyR6Do4<br \/>\nkO75kA1PjLHKm5vv5t9wZ5U3xW4Kwwryn14WPtwma9oDbcdky23VKPOMCAmrta5G<br \/>\n=dQwN<br \/>\n-----END PGP PUBLIC KEY BLOCK-----<br \/>\n<\/code><\/div>\n","protected":false},"excerpt":{"rendered":"<p>Impressum f\u00fcr &#8222;thetawelle&#8220; Gem\u00e4\u00df \u00a7 28 BDSG widerspreche ich jeder kommerziellen Verwendung und Weitergabe meiner Daten. Verantwortungsbereich Das Impressum gilt nur f\u00fcr die Internetpr\u00e4senz unter der Adresse: http:\/\/www.thetawelle.de\/ Abgrenzung Die Web-Pr\u00e4senz ist Teil des WWW und dementsprechend mit fremden, sich jederzeit wandeln k\u00f6nnenden Web-Sites verkn\u00fcpft, die folglich auch nicht diesem Verantwortungsbereich unterliegen und f\u00fcr die &hellip; <a href=\"https:\/\/www.thetawelle.de\/?page_id=1099\" class=\"more-link\"><span class=\"screen-reader-text\">\u201eImpressum\u201c <\/span>weiterlesen<\/a><\/p>\n","protected":false},"author":1,"featured_media":0,"parent":0,"menu_order":19,"comment_status":"open","ping_status":"open","template":"","meta":{"footnotes":""},"class_list":["post-1099","page","type-page","status-publish","hentry"],"_links":{"self":[{"href":"https:\/\/www.thetawelle.de\/index.php?rest_route=\/wp\/v2\/pages\/1099","targetHints":{"allow":["GET"]}}],"collection":[{"href":"https:\/\/www.thetawelle.de\/index.php?rest_route=\/wp\/v2\/pages"}],"about":[{"href":"https:\/\/www.thetawelle.de\/index.php?rest_route=\/wp\/v2\/types\/page"}],"author":[{"embeddable":true,"href":"https:\/\/www.thetawelle.de\/index.php?rest_route=\/wp\/v2\/users\/1"}],"replies":[{"embeddable":true,"href":"https:\/\/www.thetawelle.de\/index.php?rest_route=%2Fwp%2Fv2%2Fcomments&post=1099"}],"version-history":[{"count":0,"href":"https:\/\/www.thetawelle.de\/index.php?rest_route=\/wp\/v2\/pages\/1099\/revisions"}],"wp:attachment":[{"href":"https:\/\/www.thetawelle.de\/index.php?rest_route=%2Fwp%2Fv2%2Fmedia&parent=1099"}],"curies":[{"name":"wp","href":"https:\/\/api.w.org\/{rel}","templated":true}]}}